{"id":10883,"date":"2025-04-15T20:33:38","date_gmt":"2025-04-15T20:33:38","guid":{"rendered":"https:\/\/hongaarsewinkelzeeland.nl\/?post_type=product&#038;p=10883"},"modified":"2025-04-15T20:33:38","modified_gmt":"2025-04-15T20:33:38","slug":"balaton-expressz","status":"publish","type":"product","link":"https:\/\/hongaarsewinkelzeeland.nl\/?product=balaton-expressz","title":{"rendered":"Balaton expressz"},"content":{"rendered":"","protected":false},"excerpt":{"rendered":"<p><span data-sheets-root=\"1\">\u00c9tcsokol\u00e1d\u00e9s, tejcsokol\u00e1d\u00e9s-k\u00f3kuszos vagy \u00e9tcsokol\u00e1d\u00e9s-piszt\u00e1cia \u00edz\u0171 szelet 35g<\/span><\/p>\n","protected":false},"featured_media":10884,"comment_status":"open","ping_status":"closed","template":"","meta":[],"product_brand":[],"product_cat":[72],"product_tag":[],"class_list":{"0":"post-10883","1":"product","2":"type-product","3":"status-publish","4":"has-post-thumbnail","6":"product_cat-edessegek","8":"first","9":"instock","10":"shipping-taxable","11":"purchasable","12":"product-type-simple"},"_links":{"self":[{"href":"https:\/\/hongaarsewinkelzeeland.nl\/index.php?rest_route=\/wp\/v2\/product\/10883","targetHints":{"allow":["GET"]}}],"collection":[{"href":"https:\/\/hongaarsewinkelzeeland.nl\/index.php?rest_route=\/wp\/v2\/product"}],"about":[{"href":"https:\/\/hongaarsewinkelzeeland.nl\/index.php?rest_route=\/wp\/v2\/types\/product"}],"replies":[{"embeddable":true,"href":"https:\/\/hongaarsewinkelzeeland.nl\/index.php?rest_route=%2Fwp%2Fv2%2Fcomments&post=10883"}],"wp:featuredmedia":[{"embeddable":true,"href":"https:\/\/hongaarsewinkelzeeland.nl\/index.php?rest_route=\/wp\/v2\/media\/10884"}],"wp:attachment":[{"href":"https:\/\/hongaarsewinkelzeeland.nl\/index.php?rest_route=%2Fwp%2Fv2%2Fmedia&parent=10883"}],"wp:term":[{"taxonomy":"product_brand","embeddable":true,"href":"https:\/\/hongaarsewinkelzeeland.nl\/index.php?rest_route=%2Fwp%2Fv2%2Fproduct_brand&post=10883"},{"taxonomy":"product_cat","embeddable":true,"href":"https:\/\/hongaarsewinkelzeeland.nl\/index.php?rest_route=%2Fwp%2Fv2%2Fproduct_cat&post=10883"},{"taxonomy":"product_tag","embeddable":true,"href":"https:\/\/hongaarsewinkelzeeland.nl\/index.php?rest_route=%2Fwp%2Fv2%2Fproduct_tag&post=10883"}],"curies":[{"name":"wp","href":"https:\/\/api.w.org\/{rel}","templated":true}]}}