{"id":10935,"date":"2025-04-15T21:46:50","date_gmt":"2025-04-15T21:46:50","guid":{"rendered":"https:\/\/hongaarsewinkelzeeland.nl\/?post_type=product&#038;p=10935"},"modified":"2025-04-15T21:46:50","modified_gmt":"2025-04-15T21:46:50","slug":"hazias-izek-konzervek","status":"publish","type":"product","link":"https:\/\/hongaarsewinkelzeeland.nl\/?product=hazias-izek-konzervek","title":{"rendered":"H\u00e1zias \u00edzek konzervek"},"content":{"rendered":"","protected":false},"excerpt":{"rendered":"<p>Pincep\u00f6rk\u00f6lt, Chilis bab dar.h\u00fassal, Mil\u00e1n\u00f3i t\u00e9szta, Cs\u00e1rdafalatok, Borsos tok\u00e1ny, Pacalp\u00f6rk\u00f6lt, Babf\u0151zel\u00e9k kolb\u00e1sszal, Lecs\u00f3s tarhonya, Rakott t\u00e9szta, Szegedi cs\u00edp\u0151s guly\u00e1s, Babguly\u00e1s sert\u00e9sh\u00fassal, Bakonyi sert\u00e9sragu, S\u00f3let p\u00e1colt marhah\u00fas, Rakott k\u00e1poszta, Sz\u00e9kelyk\u00e1poszta, Magyaros bab egyt\u00e1l, Paradicsomos h\u00fasgomb\u00f3c, Lencsef\u0151zel\u00e9k sert\u00e9sh\u00fassal, Z\u00f6lds\u00e9ges apr\u00f3pecsenye, Tanyasi k\u00e1poszta cs\u00fcl\u00f6kh\u00fassal, Mil\u00e1n\u00f3i t\u00e9szta, P\u00e1sztortarhonya cs\u00edp\u0151s kolb\u00e1sszal, Alf\u00f6ldi t\u00e9szta, Sert\u00e9sp\u00f6rk\u00f6lt tarhony\u00e1val, S\u00f3let f\u00fcst\u00f6lt h\u00fassal, Marhap\u00f6rk\u00f6lt tarhony\u00e1val, Szegedi sert\u00e9stok\u00e1ny 400g<\/p>\n","protected":false},"featured_media":10936,"comment_status":"open","ping_status":"closed","template":"","meta":[],"product_brand":[],"product_cat":[74],"product_tag":[],"class_list":{"0":"post-10935","1":"product","2":"type-product","3":"status-publish","4":"has-post-thumbnail","6":"product_cat-konzervek-savanyusagok","8":"first","9":"instock","10":"shipping-taxable","11":"purchasable","12":"product-type-simple"},"_links":{"self":[{"href":"https:\/\/hongaarsewinkelzeeland.nl\/index.php?rest_route=\/wp\/v2\/product\/10935","targetHints":{"allow":["GET"]}}],"collection":[{"href":"https:\/\/hongaarsewinkelzeeland.nl\/index.php?rest_route=\/wp\/v2\/product"}],"about":[{"href":"https:\/\/hongaarsewinkelzeeland.nl\/index.php?rest_route=\/wp\/v2\/types\/product"}],"replies":[{"embeddable":true,"href":"https:\/\/hongaarsewinkelzeeland.nl\/index.php?rest_route=%2Fwp%2Fv2%2Fcomments&post=10935"}],"wp:featuredmedia":[{"embeddable":true,"href":"https:\/\/hongaarsewinkelzeeland.nl\/index.php?rest_route=\/wp\/v2\/media\/10936"}],"wp:attachment":[{"href":"https:\/\/hongaarsewinkelzeeland.nl\/index.php?rest_route=%2Fwp%2Fv2%2Fmedia&parent=10935"}],"wp:term":[{"taxonomy":"product_brand","embeddable":true,"href":"https:\/\/hongaarsewinkelzeeland.nl\/index.php?rest_route=%2Fwp%2Fv2%2Fproduct_brand&post=10935"},{"taxonomy":"product_cat","embeddable":true,"href":"https:\/\/hongaarsewinkelzeeland.nl\/index.php?rest_route=%2Fwp%2Fv2%2Fproduct_cat&post=10935"},{"taxonomy":"product_tag","embeddable":true,"href":"https:\/\/hongaarsewinkelzeeland.nl\/index.php?rest_route=%2Fwp%2Fv2%2Fproduct_tag&post=10935"}],"curies":[{"name":"wp","href":"https:\/\/api.w.org\/{rel}","templated":true}]}}