{"id":10947,"date":"2025-04-15T21:53:07","date_gmt":"2025-04-15T21:53:07","guid":{"rendered":"https:\/\/hongaarsewinkelzeeland.nl\/?post_type=product&#038;p=10947"},"modified":"2025-04-15T21:53:07","modified_gmt":"2025-04-15T21:53:07","slug":"hazias-izek-konzerv-xxl-3","status":"publish","type":"product","link":"https:\/\/hongaarsewinkelzeeland.nl\/?product=hazias-izek-konzerv-xxl-3","title":{"rendered":"H\u00e1zias \u00edzek konzerv XXL"},"content":{"rendered":"","protected":false},"excerpt":{"rendered":"<p><span data-sheets-root=\"1\">S\u00f3let f\u00fcst\u00f6lt h\u00fassal 800g<\/span><\/p>\n","protected":false},"featured_media":10948,"comment_status":"open","ping_status":"closed","template":"","meta":[],"product_brand":[],"product_cat":[74],"product_tag":[],"class_list":{"0":"post-10947","1":"product","2":"type-product","3":"status-publish","4":"has-post-thumbnail","6":"product_cat-konzervek-savanyusagok","8":"first","9":"instock","10":"shipping-taxable","11":"purchasable","12":"product-type-simple"},"_links":{"self":[{"href":"https:\/\/hongaarsewinkelzeeland.nl\/index.php?rest_route=\/wp\/v2\/product\/10947","targetHints":{"allow":["GET"]}}],"collection":[{"href":"https:\/\/hongaarsewinkelzeeland.nl\/index.php?rest_route=\/wp\/v2\/product"}],"about":[{"href":"https:\/\/hongaarsewinkelzeeland.nl\/index.php?rest_route=\/wp\/v2\/types\/product"}],"replies":[{"embeddable":true,"href":"https:\/\/hongaarsewinkelzeeland.nl\/index.php?rest_route=%2Fwp%2Fv2%2Fcomments&post=10947"}],"wp:featuredmedia":[{"embeddable":true,"href":"https:\/\/hongaarsewinkelzeeland.nl\/index.php?rest_route=\/wp\/v2\/media\/10948"}],"wp:attachment":[{"href":"https:\/\/hongaarsewinkelzeeland.nl\/index.php?rest_route=%2Fwp%2Fv2%2Fmedia&parent=10947"}],"wp:term":[{"taxonomy":"product_brand","embeddable":true,"href":"https:\/\/hongaarsewinkelzeeland.nl\/index.php?rest_route=%2Fwp%2Fv2%2Fproduct_brand&post=10947"},{"taxonomy":"product_cat","embeddable":true,"href":"https:\/\/hongaarsewinkelzeeland.nl\/index.php?rest_route=%2Fwp%2Fv2%2Fproduct_cat&post=10947"},{"taxonomy":"product_tag","embeddable":true,"href":"https:\/\/hongaarsewinkelzeeland.nl\/index.php?rest_route=%2Fwp%2Fv2%2Fproduct_tag&post=10947"}],"curies":[{"name":"wp","href":"https:\/\/api.w.org\/{rel}","templated":true}]}}