{"id":10951,"date":"2025-04-15T21:55:38","date_gmt":"2025-04-15T21:55:38","guid":{"rendered":"https:\/\/hongaarsewinkelzeeland.nl\/?post_type=product&#038;p=10951"},"modified":"2025-04-15T21:55:38","modified_gmt":"2025-04-15T21:55:38","slug":"menza-konzervek","status":"publish","type":"product","link":"https:\/\/hongaarsewinkelzeeland.nl\/?product=menza-konzervek","title":{"rendered":"Menza konzervek"},"content":{"rendered":"","protected":false},"excerpt":{"rendered":"<p><span data-sheets-root=\"1\">S\u00f3let cs\u00edp\u0151s kolb\u00e1sszal, Pacalp\u00f6rk\u00f6lt, Lencsef\u0151zel\u00e9k kolb\u00e1sszal, Rakott k\u00e1poszta, Sz\u00e9kelyk\u00e1poszta, S\u00e1rgabors\u00f3f\u0151z\u00e9k kolb\u00e1sszal, Paradicsomos k\u00e1poszta h\u00fasgomb\u00f3ccal, Rizseslecs\u00f3 kolb\u00e1sszal, Z\u00f6ldbabf\u0151zel\u00e9k sert\u00e9sp\u00f6rk\u00f6lttel, Z\u00f6ldbors\u00f3f\u0151zel\u00e9k sert\u00e9spork\u00f6lttel 400g<\/span><\/p>\n","protected":false},"featured_media":10952,"comment_status":"open","ping_status":"closed","template":"","meta":[],"product_brand":[],"product_cat":[74],"product_tag":[],"class_list":{"0":"post-10951","1":"product","2":"type-product","3":"status-publish","4":"has-post-thumbnail","6":"product_cat-konzervek-savanyusagok","8":"first","9":"instock","10":"shipping-taxable","11":"purchasable","12":"product-type-simple"},"_links":{"self":[{"href":"https:\/\/hongaarsewinkelzeeland.nl\/index.php?rest_route=\/wp\/v2\/product\/10951","targetHints":{"allow":["GET"]}}],"collection":[{"href":"https:\/\/hongaarsewinkelzeeland.nl\/index.php?rest_route=\/wp\/v2\/product"}],"about":[{"href":"https:\/\/hongaarsewinkelzeeland.nl\/index.php?rest_route=\/wp\/v2\/types\/product"}],"replies":[{"embeddable":true,"href":"https:\/\/hongaarsewinkelzeeland.nl\/index.php?rest_route=%2Fwp%2Fv2%2Fcomments&post=10951"}],"wp:featuredmedia":[{"embeddable":true,"href":"https:\/\/hongaarsewinkelzeeland.nl\/index.php?rest_route=\/wp\/v2\/media\/10952"}],"wp:attachment":[{"href":"https:\/\/hongaarsewinkelzeeland.nl\/index.php?rest_route=%2Fwp%2Fv2%2Fmedia&parent=10951"}],"wp:term":[{"taxonomy":"product_brand","embeddable":true,"href":"https:\/\/hongaarsewinkelzeeland.nl\/index.php?rest_route=%2Fwp%2Fv2%2Fproduct_brand&post=10951"},{"taxonomy":"product_cat","embeddable":true,"href":"https:\/\/hongaarsewinkelzeeland.nl\/index.php?rest_route=%2Fwp%2Fv2%2Fproduct_cat&post=10951"},{"taxonomy":"product_tag","embeddable":true,"href":"https:\/\/hongaarsewinkelzeeland.nl\/index.php?rest_route=%2Fwp%2Fv2%2Fproduct_tag&post=10951"}],"curies":[{"name":"wp","href":"https:\/\/api.w.org\/{rel}","templated":true}]}}