{"id":11054,"date":"2025-04-26T13:24:54","date_gmt":"2025-04-26T13:24:54","guid":{"rendered":"https:\/\/hongaarsewinkelzeeland.nl\/?post_type=product&#038;p=11054"},"modified":"2025-04-26T13:24:54","modified_gmt":"2025-04-26T13:24:54","slug":"toalmasi-kolozsvari-szalonna","status":"publish","type":"product","link":"https:\/\/hongaarsewinkelzeeland.nl\/?product=toalmasi-kolozsvari-szalonna","title":{"rendered":"Toalm\u00e1si kolozsv\u00e1ri szalonna"},"content":{"rendered":"","protected":false},"excerpt":{"rendered":"<p><span data-sheets-root=\"1\">\u20ac17\/kg<\/span><\/p>\n<p><span data-sheets-root=\"1\">V\u00e1kuum csomagol\u00e1sban. 160-250g k\u00f6z\u00f6tt.<\/span><\/p>\n","protected":false},"featured_media":0,"comment_status":"open","ping_status":"closed","template":"","meta":[],"product_brand":[],"product_cat":[73],"product_tag":[],"class_list":{"0":"post-11054","1":"product","2":"type-product","3":"status-publish","5":"product_cat-hustermekek","7":"first","8":"instock","9":"shipping-taxable","10":"purchasable","11":"product-type-simple"},"_links":{"self":[{"href":"https:\/\/hongaarsewinkelzeeland.nl\/index.php?rest_route=\/wp\/v2\/product\/11054","targetHints":{"allow":["GET"]}}],"collection":[{"href":"https:\/\/hongaarsewinkelzeeland.nl\/index.php?rest_route=\/wp\/v2\/product"}],"about":[{"href":"https:\/\/hongaarsewinkelzeeland.nl\/index.php?rest_route=\/wp\/v2\/types\/product"}],"replies":[{"embeddable":true,"href":"https:\/\/hongaarsewinkelzeeland.nl\/index.php?rest_route=%2Fwp%2Fv2%2Fcomments&post=11054"}],"wp:attachment":[{"href":"https:\/\/hongaarsewinkelzeeland.nl\/index.php?rest_route=%2Fwp%2Fv2%2Fmedia&parent=11054"}],"wp:term":[{"taxonomy":"product_brand","embeddable":true,"href":"https:\/\/hongaarsewinkelzeeland.nl\/index.php?rest_route=%2Fwp%2Fv2%2Fproduct_brand&post=11054"},{"taxonomy":"product_cat","embeddable":true,"href":"https:\/\/hongaarsewinkelzeeland.nl\/index.php?rest_route=%2Fwp%2Fv2%2Fproduct_cat&post=11054"},{"taxonomy":"product_tag","embeddable":true,"href":"https:\/\/hongaarsewinkelzeeland.nl\/index.php?rest_route=%2Fwp%2Fv2%2Fproduct_tag&post=11054"}],"curies":[{"name":"wp","href":"https:\/\/api.w.org\/{rel}","templated":true}]}}